{"id":1130,"date":"2022-06-10T19:13:03","date_gmt":"2022-06-10T17:13:03","guid":{"rendered":"https:\/\/www.protectionminorsandvulnerable.com\/?post_type=product&#038;p=1130"},"modified":"2022-09-22T21:21:45","modified_gmt":"2022-09-22T19:21:45","slug":"ganberri1","status":"publish","type":"product","link":"https:\/\/www.protectionminorsandvulnerable.com\/cat\/producto\/ganberri1\/","title":{"rendered":"Coordinador\/a de Bienestar y Protecci\u00f3n: concepto y funciones"},"content":{"rendered":"<p class=\"p1\"><span class=\"s1\" style=\"color: #c3333e;\"><b>Seminario de formaci\u00f3n para miembros de equipos directivos de centros educativos<\/b><\/span> que nos ayudar\u00e1 a conocer y profundizar en las disposiciones de la Ley Org\u00e1nica 8\/2021 de Protecci\u00f3n Integral a la Infancia y a la Adolescencia frente a la violencia, sobre todo en c\u00f3mo desarrollar las funciones de la nueva figura del Coordinador\/a de Bienestar y Protecci\u00f3n, junto con nuestras responsabilidades civiles y penales como instituci\u00f3n.<\/p>\n","protected":false},"excerpt":{"rendered":"<p>Seminario de formaci\u00f3n para miembros de equipos directivos de centros educativos que nos ayudar\u00e1 a conocer y profundizar en las disposiciones de la Ley Org\u00e1nica 8\/2021 de Protecci\u00f3n Integral a la Infancia y a la Adolescencia frente a la violencia, sobre todo en c\u00f3mo desarrollar las funciones de la nueva figura del Coordinador\/a de Bienestar y Protecci\u00f3n, junto con nuestras responsabilidades civiles y penales como instituci\u00f3n.<\/p>\n","protected":false},"featured_media":945,"comment_status":"open","ping_status":"closed","template":"","meta":{"_acf_changed":false,"inline_featured_image":false,"site-sidebar-layout":"default","site-content-layout":"default","ast-site-content-layout":"default","site-content-style":"default","site-sidebar-style":"default","ast-global-header-display":"","ast-banner-title-visibility":"","ast-main-header-display":"","ast-hfb-above-header-display":"","ast-hfb-below-header-display":"","ast-hfb-mobile-header-display":"","site-post-title":"","ast-breadcrumbs-content":"","ast-featured-img":"","footer-sml-layout":"","ast-disable-related-posts":"","theme-transparent-header-meta":"default","adv-header-id-meta":"","stick-header-meta":"","header-above-stick-meta":"","header-main-stick-meta":"","header-below-stick-meta":"","astra-migrate-meta-layouts":"default","ast-page-background-enabled":"default","ast-page-background-meta":{"desktop":{"background-color":"var(--ast-global-color-4)","background-image":"","background-repeat":"repeat","background-position":"center center","background-size":"auto","background-attachment":"scroll","background-type":"","background-media":"","overlay-type":"","overlay-color":"","overlay-opacity":"","overlay-gradient":""},"tablet":{"background-color":"","background-image":"","background-repeat":"repeat","background-position":"center center","background-size":"auto","background-attachment":"scroll","background-type":"","background-media":"","overlay-type":"","overlay-color":"","overlay-opacity":"","overlay-gradient":""},"mobile":{"background-color":"","background-image":"","background-repeat":"repeat","background-position":"center center","background-size":"auto","background-attachment":"scroll","background-type":"","background-media":"","overlay-type":"","overlay-color":"","overlay-opacity":"","overlay-gradient":""}},"ast-content-background-meta":{"desktop":{"background-color":"var(--ast-global-color-5)","background-image":"","background-repeat":"repeat","background-position":"center center","background-size":"auto","background-attachment":"scroll","background-type":"","background-media":"","overlay-type":"","overlay-color":"","overlay-opacity":"","overlay-gradient":""},"tablet":{"background-color":"var(--ast-global-color-5)","background-image":"","background-repeat":"repeat","background-position":"center center","background-size":"auto","background-attachment":"scroll","background-type":"","background-media":"","overlay-type":"","overlay-color":"","overlay-opacity":"","overlay-gradient":""},"mobile":{"background-color":"var(--ast-global-color-5)","background-image":"","background-repeat":"repeat","background-position":"center center","background-size":"auto","background-attachment":"scroll","background-type":"","background-media":"","overlay-type":"","overlay-color":"","overlay-opacity":"","overlay-gradient":""}}},"product_brand":[],"product_cat":[30,32],"product_tag":[],"class_list":{"0":"post-1130","1":"product","2":"type-product","3":"status-publish","4":"has-post-thumbnail","6":"product_cat-formacion","7":"product_cat-formacion-presencial","8":"desktop-align-left","9":"tablet-align-left","10":"mobile-align-left","12":"first","13":"instock","14":"sold-individually","15":"taxable","16":"shipping-taxable","17":"purchasable","18":"product-type-simple"},"acf":[],"_links":{"self":[{"href":"https:\/\/www.protectionminorsandvulnerable.com\/cat\/wp-json\/wp\/v2\/product\/1130","targetHints":{"allow":["GET"]}}],"collection":[{"href":"https:\/\/www.protectionminorsandvulnerable.com\/cat\/wp-json\/wp\/v2\/product"}],"about":[{"href":"https:\/\/www.protectionminorsandvulnerable.com\/cat\/wp-json\/wp\/v2\/types\/product"}],"replies":[{"embeddable":true,"href":"https:\/\/www.protectionminorsandvulnerable.com\/cat\/wp-json\/wp\/v2\/comments?post=1130"}],"wp:featuredmedia":[{"embeddable":true,"href":"https:\/\/www.protectionminorsandvulnerable.com\/cat\/wp-json\/wp\/v2\/media\/945"}],"wp:attachment":[{"href":"https:\/\/www.protectionminorsandvulnerable.com\/cat\/wp-json\/wp\/v2\/media?parent=1130"}],"wp:term":[{"taxonomy":"product_brand","embeddable":true,"href":"https:\/\/www.protectionminorsandvulnerable.com\/cat\/wp-json\/wp\/v2\/product_brand?post=1130"},{"taxonomy":"product_cat","embeddable":true,"href":"https:\/\/www.protectionminorsandvulnerable.com\/cat\/wp-json\/wp\/v2\/product_cat?post=1130"},{"taxonomy":"product_tag","embeddable":true,"href":"https:\/\/www.protectionminorsandvulnerable.com\/cat\/wp-json\/wp\/v2\/product_tag?post=1130"}],"curies":[{"name":"wp","href":"https:\/\/api.w.org\/{rel}","templated":true}]}}