{"id":944,"date":"2022-05-09T00:48:22","date_gmt":"2022-05-08T22:48:22","guid":{"rendered":"https:\/\/www.protectionminorsandvulnerable.com\/producto\/la-proteccion-de-menores-y-vulnerables-en-entornos-educativos\/"},"modified":"2022-09-22T23:28:42","modified_gmt":"2022-09-22T21:28:42","slug":"la-proteccion-de-menores-y-vulnerables-en-entornos-educativos","status":"publish","type":"product","link":"https:\/\/www.protectionminorsandvulnerable.com\/ro\/producto\/la-proteccion-de-menores-y-vulnerables-en-entornos-educativos\/","title":{"rendered":"La protecci\u00f3n de menores y vulnerables en entornos educativos"},"content":{"rendered":"<p><span class=\"textos__rojo\"><strong>Seminario de formaci\u00f3n<\/strong><\/span> que nos ayudar\u00e1 a conocer <span class=\"textos__underline\">la actual legislaci\u00f3n espa\u00f1ola en materia de protecci\u00f3n de menores<\/span>, junto con las potenciales responsabilidades civiles y penales derivadas de una falta de adecuada pol\u00edtica de prevenci\u00f3n en el seno de nuestras instituciones.<\/p>\n","protected":false},"excerpt":{"rendered":"<p>Seminario de formaci\u00f3n que nos ayudar\u00e1 a conocer la actual legislaci\u00f3n espa\u00f1ola en materia de protecci\u00f3n de menores, junto con las potenciales responsabilidades civiles y penales derivadas de una falta de adecuada pol\u00edtica de prevenci\u00f3n en el seno de nuestras instituciones.<\/p>\n","protected":false},"featured_media":996,"comment_status":"open","ping_status":"closed","template":"","meta":{"_acf_changed":false,"inline_featured_image":false,"site-sidebar-layout":"default","site-content-layout":"default","ast-site-content-layout":"default","site-content-style":"default","site-sidebar-style":"default","ast-global-header-display":"","ast-banner-title-visibility":"","ast-main-header-display":"","ast-hfb-above-header-display":"","ast-hfb-below-header-display":"","ast-hfb-mobile-header-display":"","site-post-title":"","ast-breadcrumbs-content":"","ast-featured-img":"","footer-sml-layout":"","ast-disable-related-posts":"","theme-transparent-header-meta":"default","adv-header-id-meta":"","stick-header-meta":"","header-above-stick-meta":"","header-main-stick-meta":"","header-below-stick-meta":"","astra-migrate-meta-layouts":"default","ast-page-background-enabled":"default","ast-page-background-meta":{"desktop":{"background-color":"var(--ast-global-color-4)","background-image":"","background-repeat":"repeat","background-position":"center center","background-size":"auto","background-attachment":"scroll","background-type":"","background-media":"","overlay-type":"","overlay-color":"","overlay-opacity":"","overlay-gradient":""},"tablet":{"background-color":"","background-image":"","background-repeat":"repeat","background-position":"center center","background-size":"auto","background-attachment":"scroll","background-type":"","background-media":"","overlay-type":"","overlay-color":"","overlay-opacity":"","overlay-gradient":""},"mobile":{"background-color":"","background-image":"","background-repeat":"repeat","background-position":"center center","background-size":"auto","background-attachment":"scroll","background-type":"","background-media":"","overlay-type":"","overlay-color":"","overlay-opacity":"","overlay-gradient":""}},"ast-content-background-meta":{"desktop":{"background-color":"var(--ast-global-color-5)","background-image":"","background-repeat":"repeat","background-position":"center center","background-size":"auto","background-attachment":"scroll","background-type":"","background-media":"","overlay-type":"","overlay-color":"","overlay-opacity":"","overlay-gradient":""},"tablet":{"background-color":"var(--ast-global-color-5)","background-image":"","background-repeat":"repeat","background-position":"center center","background-size":"auto","background-attachment":"scroll","background-type":"","background-media":"","overlay-type":"","overlay-color":"","overlay-opacity":"","overlay-gradient":""},"mobile":{"background-color":"var(--ast-global-color-5)","background-image":"","background-repeat":"repeat","background-position":"center center","background-size":"auto","background-attachment":"scroll","background-type":"","background-media":"","overlay-type":"","overlay-color":"","overlay-opacity":"","overlay-gradient":""}}},"product_brand":[],"product_cat":[30,31],"product_tag":[],"class_list":{"0":"post-944","1":"product","2":"type-product","3":"status-publish","4":"has-post-thumbnail","6":"product_cat-formacion","7":"product_cat-formacion-online","8":"desktop-align-left","9":"tablet-align-left","10":"mobile-align-left","12":"first","13":"instock","14":"taxable","15":"shipping-taxable","16":"purchasable","17":"product-type-simple"},"acf":[],"_links":{"self":[{"href":"https:\/\/www.protectionminorsandvulnerable.com\/ro\/wp-json\/wp\/v2\/product\/944","targetHints":{"allow":["GET"]}}],"collection":[{"href":"https:\/\/www.protectionminorsandvulnerable.com\/ro\/wp-json\/wp\/v2\/product"}],"about":[{"href":"https:\/\/www.protectionminorsandvulnerable.com\/ro\/wp-json\/wp\/v2\/types\/product"}],"replies":[{"embeddable":true,"href":"https:\/\/www.protectionminorsandvulnerable.com\/ro\/wp-json\/wp\/v2\/comments?post=944"}],"wp:featuredmedia":[{"embeddable":true,"href":"https:\/\/www.protectionminorsandvulnerable.com\/ro\/wp-json\/wp\/v2\/media\/996"}],"wp:attachment":[{"href":"https:\/\/www.protectionminorsandvulnerable.com\/ro\/wp-json\/wp\/v2\/media?parent=944"}],"wp:term":[{"taxonomy":"product_brand","embeddable":true,"href":"https:\/\/www.protectionminorsandvulnerable.com\/ro\/wp-json\/wp\/v2\/product_brand?post=944"},{"taxonomy":"product_cat","embeddable":true,"href":"https:\/\/www.protectionminorsandvulnerable.com\/ro\/wp-json\/wp\/v2\/product_cat?post=944"},{"taxonomy":"product_tag","embeddable":true,"href":"https:\/\/www.protectionminorsandvulnerable.com\/ro\/wp-json\/wp\/v2\/product_tag?post=944"}],"curies":[{"name":"wp","href":"https:\/\/api.w.org\/{rel}","templated":true}]}}